{"id":399,"date":"2025-04-21T15:31:46","date_gmt":"2025-04-21T15:31:46","guid":{"rendered":"https:\/\/nexaexpo.eu\/?page_id=399"},"modified":"2026-03-14T08:05:04","modified_gmt":"2026-03-14T08:05:04","slug":"privacy-policy-2","status":"publish","type":"page","link":"https:\/\/nexaexpo.eu\/ro\/privacy-policy-2\/","title":{"rendered":"Politica de confiden\u021bialitate"},"content":{"rendered":"<div data-elementor-type=\"wp-page\" data-elementor-id=\"399\" class=\"elementor elementor-399\" data-elementor-post-type=\"page\">\n\t\t\t\t<div class=\"elementor-element elementor-element-2698c0b e-flex e-con-boxed e-con e-parent\" data-id=\"2698c0b\" data-element_type=\"container\">\n\t\t\t\t\t<div class=\"e-con-inner\">\n\t\t\t\t<div class=\"elementor-element elementor-element-5ce8cbb elementor-widget elementor-widget-heading\" data-id=\"5ce8cbb\" data-element_type=\"widget\" data-widget_type=\"heading.default\">\n\t\t\t\t<div class=\"elementor-widget-container\">\n\t\t\t\t\t<h2 class=\"elementor-heading-title elementor-size-default\">Politica de confiden\u021bialitate<\/h2>\t\t\t\t<\/div>\n\t\t\t\t<\/div>\n\t\t\t\t<div class=\"elementor-element elementor-element-a1e8e87 elementor-widget elementor-widget-text-editor\" data-id=\"a1e8e87\" data-element_type=\"widget\" data-widget_type=\"text-editor.default\">\n\t\t\t\t<div class=\"elementor-widget-container\">\n\t\t\t\t\t\t\t\t\t<div class=\"flex flex-col text-sm pb-25\"><article class=\"text-token-text-primary w-full focus:outline-none [--shadow-height:45px] has-data-writing-block:pointer-events-none has-data-writing-block:-mt-(--shadow-height) has-data-writing-block:pt-(--shadow-height) [&amp;:has([data-writing-block])&gt;*]:pointer-events-auto scroll-mt-[calc(var(--header-height)+min(200px,max(70px,20svh)))]\" dir=\"auto\" tabindex=\"-1\" data-turn-id=\"request-WEB:c6a740cc-b242-4f6d-93af-5f23b25f43fa-0\" data-testid=\"conversation-turn-2\" data-scroll-anchor=\"true\" data-turn=\"assistant\"><div class=\"text-base my-auto mx-auto pb-10 [--thread-content-margin:var(--thread-content-margin-xs,calc(var(--spacing)*4))] @w-sm\/main:[--thread-content-margin:var(--thread-content-margin-sm,calc(var(--spacing)*6))] @w-lg\/main:[--thread-content-margin:var(--thread-content-margin-lg,calc(var(--spacing)*16))] px-(--thread-content-margin)\"><div class=\"[--thread-content-max-width:40rem] @w-lg\/main:[--thread-content-max-width:48rem] mx-auto max-w-(--thread-content-max-width) flex-1 group\/turn-messages focus-visible:outline-hidden relative flex w-full min-w-0 flex-col agent-turn\" tabindex=\"-1\"><div class=\"flex max-w-full flex-col gap-4 grow\"><div class=\"min-h-8 text-message relative flex w-full flex-col items-end gap-2 text-start break-words whitespace-normal [.text-message+&amp;]:mt-1\" dir=\"auto\" data-message-author-role=\"assistant\" data-message-id=\"8832406b-c161-4e10-9f94-d908c753c37c\" data-message-model-slug=\"gpt-5-3\"><div class=\"flex w-full flex-col gap-1 empty:hidden\"><div class=\"markdown prose dark:prose-invert w-full wrap-break-word dark markdown-new-styling\"><p data-start=\"0\" data-end=\"282\"><strong data-start=\"0\" data-end=\"41\">Aceast\u0103 Politic\u0103 de Confiden\u021bialitate<\/strong> descrie modul \u00een care colect\u0103m, utiliz\u0103m \u0219i protej\u0103m datele dumneavoastr\u0103 personale atunci c\u00e2nd participa\u021bi la evenimentul nostru organizat la <strong data-start=\"185\" data-end=\"208\">CREIC \u2013 Cluj-Napoca<\/strong>, care include o expozi\u021bie profesional\u0103 \u0219i o competi\u021bie \u00een industria nail.<\/p><hr data-start=\"284\" data-end=\"287\" \/><h3 data-section-id=\"vlceih\" data-start=\"289\" data-end=\"314\">1. Colectarea datelor<\/h3><p data-start=\"315\" data-end=\"363\">Colect\u0103m date personale \u00een urm\u0103toarele situa\u021bii:<\/p><ul data-start=\"364\" data-end=\"626\"><li data-section-id=\"o4fl48\" data-start=\"364\" data-end=\"441\"><p data-start=\"366\" data-end=\"441\">C\u00e2nd v\u0103 \u00eenregistra\u021bi sau cump\u0103ra\u021bi un bilet prin platforma noastr\u0103 online<\/p><\/li><li data-section-id=\"j6pylh\" data-start=\"442\" data-end=\"516\"><p data-start=\"444\" data-end=\"516\">C\u00e2nd participa\u021bi la concursuri sau workshopuri \u00een cadrul evenimentului<\/p><\/li><li data-section-id=\"1dpf41k\" data-start=\"517\" data-end=\"626\"><p data-start=\"519\" data-end=\"626\">C\u00e2nd v\u0103 abona\u021bi voluntar pentru a primi comunic\u0103ri despre edi\u021biile viitoare sau campanii ale partenerilor<\/p><\/li><\/ul><p data-start=\"628\" data-end=\"835\">Tipurile de date pe care le putem colecta includ:<br data-start=\"677\" data-end=\"680\" \/><strong data-start=\"680\" data-end=\"792\">numele complet, adresa de email, num\u0103rul de telefon, adresa de facturare, numele companiei (dac\u0103 este cazul)<\/strong> \u0219i orice preferin\u021be legate de participare.<\/p><hr data-start=\"837\" data-end=\"840\" \/><h3 data-section-id=\"i5z9m\" data-start=\"842\" data-end=\"874\">2. Scopul colect\u0103rii datelor<\/h3><p data-start=\"875\" data-end=\"898\">Colect\u0103m date pentru a:<\/p><ul data-start=\"899\" data-end=\"1308\"><li data-section-id=\"q6esuw\" data-start=\"899\" data-end=\"971\"><p data-start=\"901\" data-end=\"971\">Procesa \u00eenregistrarea dumneavoastr\u0103 \u0219i a v\u0103 oferi acces la eveniment<\/p><\/li><li data-section-id=\"1eeznca\" data-start=\"972\" data-end=\"1065\"><p data-start=\"974\" data-end=\"1065\">Comunica actualiz\u0103ri importante legate de eveniment (program, modific\u0103ri de loca\u021bie etc.)<\/p><\/li><li data-section-id=\"1s20524\" data-start=\"1066\" data-end=\"1131\"><p data-start=\"1068\" data-end=\"1131\">Respecta obliga\u021biile legale privind organizarea evenimentului<\/p><\/li><li data-section-id=\"1dlzlpx\" data-start=\"1132\" data-end=\"1241\"><p data-start=\"1134\" data-end=\"1241\">Trimite mesaje dup\u0103 eveniment \u0219i invita\u021bii la edi\u021biile viitoare (doar cu acordul dumneavoastr\u0103 prealabil)<\/p><\/li><li data-section-id=\"yhix66\" data-start=\"1242\" data-end=\"1308\"><p data-start=\"1244\" data-end=\"1308\">\u00cembun\u0103t\u0103\u021bi experien\u021ba general\u0103 a participan\u021bilor \u0219i expozan\u021bilor<\/p><\/li><\/ul><hr data-start=\"1310\" data-end=\"1313\" \/><h3 data-section-id=\"pbwz9x\" data-start=\"1315\" data-end=\"1370\">3. Utilizarea fotografiilor \u0219i a materialelor video<\/h3><p data-start=\"1371\" data-end=\"1613\">Prin participarea la eveniment, \u00een\u021belege\u021bi \u0219i sunte\u021bi de acord c\u0103 <strong data-start=\"1437\" data-end=\"1491\">pot fi realizate fotografii sau \u00eenregistr\u0103ri video<\/strong>. Aceste materiale pot fi utilizate \u00een scopuri de comunicare, promovare \u0219i marketing de c\u0103tre organizatorii evenimentului.<\/p><p data-start=\"1615\" data-end=\"1868\">Dac\u0103 <strong data-start=\"1620\" data-end=\"1675\">nu dori\u021bi s\u0103 ap\u0103re\u021bi \u00een fotografii sau videoclipuri<\/strong>, v\u0103 rug\u0103m s\u0103 ne informa\u021bi la intrare sau s\u0103 contacta\u021bi echipa noastr\u0103 \u00een avans la <strong data-start=\"1758\" data-end=\"1781\"><a class=\"decorated-link cursor-pointer\" rel=\"noopener\" data-start=\"1760\" data-end=\"1779\">contact@nexaexpo.eu<\/a><\/strong>. \u00cen acest caz, <strong data-start=\"1797\" data-end=\"1867\">ne rezerv\u0103m dreptul de a refuza accesul dumneavoastr\u0103 la eveniment<\/strong>.<\/p><hr data-start=\"1870\" data-end=\"1873\" \/><h3 data-section-id=\"j1d6qa\" data-start=\"1875\" data-end=\"1900\">4. Partajarea datelor<\/h3><p data-start=\"1901\" data-end=\"1985\">Nu vindem \u0219i nu \u00eenchiriem datele dumneavoastr\u0103 c\u0103tre ter\u021bi. Putem partaja datele cu:<\/p><ul data-start=\"1986\" data-end=\"2184\"><li data-section-id=\"16v0khu\" data-start=\"1986\" data-end=\"2130\"><p data-start=\"1988\" data-end=\"2130\">Furnizori de servicii \u0219i parteneri implica\u021bi strict \u00een organizarea evenimentului (ex: servicii de imprimare badge-uri, procesatori de pl\u0103\u021bi)<\/p><\/li><li data-section-id=\"1luirqq\" data-start=\"2131\" data-end=\"2184\"><p data-start=\"2133\" data-end=\"2184\">Autorit\u0103\u021bi legale, doar dac\u0103 este cerut prin lege<\/p><\/li><\/ul><p data-start=\"2186\" data-end=\"2321\">To\u021bi partenerii care proceseaz\u0103 date \u00een numele nostru sunt obliga\u021bi contractual s\u0103 asigure <strong data-start=\"2277\" data-end=\"2320\">confiden\u021bialitatea \u0219i protec\u021bia datelor<\/strong>.<\/p><hr data-start=\"2323\" data-end=\"2326\" \/><h3 data-section-id=\"1fbe727\" data-start=\"2328\" data-end=\"2354\">5. Pl\u0103\u021bi \u0219i securitate<\/h3><p data-start=\"2355\" data-end=\"2556\">Pl\u0103\u021bile sunt procesate \u00een mod securizat de c\u0103tre furnizori autoriza\u021bi de servicii de plat\u0103. <strong data-start=\"2447\" data-end=\"2510\">Nu stoc\u0103m \u0219i nu avem acces la detaliile complete ale pl\u0103\u021bii<\/strong>, cum ar fi numerele de card sau codurile CVV.<\/p><hr data-start=\"2558\" data-end=\"2561\" \/><h3 data-section-id=\"lohod2\" data-start=\"2563\" data-end=\"2594\">6. Drepturile dumneavoastr\u0103<\/h3><p data-start=\"2595\" data-end=\"2685\">Conform legisla\u021biei aplicabile privind protec\u021bia datelor (ex. <strong data-start=\"2657\" data-end=\"2665\">GDPR<\/strong>), ave\u021bi dreptul s\u0103:<\/p><ul data-start=\"2686\" data-end=\"2877\"><li data-section-id=\"18xz86h\" data-start=\"2686\" data-end=\"2719\"><p data-start=\"2688\" data-end=\"2719\">Accesa\u021bi datele dumneavoastr\u0103<\/p><\/li><li data-section-id=\"1874luj\" data-start=\"2720\" data-end=\"2770\"><p data-start=\"2722\" data-end=\"2770\">Solicita\u021bi rectificarea sau \u0219tergerea acestora<\/p><\/li><li data-section-id=\"11atxa6\" data-start=\"2771\" data-end=\"2818\"><p data-start=\"2773\" data-end=\"2818\">V\u0103 retrage\u021bi consim\u021b\u0103m\u00e2ntul \u00een orice moment<\/p><\/li><li data-section-id=\"1vsfv81\" data-start=\"2819\" data-end=\"2877\"><p data-start=\"2821\" data-end=\"2877\">V\u0103 opune\u021bi prelucr\u0103rii datelor \u00een scopuri de marketing<\/p><\/li><\/ul><p data-start=\"2879\" data-end=\"2967\">Pentru exercitarea acestor drepturi, v\u0103 rug\u0103m s\u0103 ne contacta\u021bi la <strong data-start=\"2945\" data-end=\"2966\">[adresa de email]<\/strong>.<\/p><hr data-start=\"2969\" data-end=\"2972\" \/><h3 data-section-id=\"2u00h7\" data-start=\"2974\" data-end=\"2998\">7. P\u0103strarea datelor<\/h3><p data-start=\"2999\" data-end=\"3171\">Datele dumneavoastr\u0103 personale sunt p\u0103strate <strong data-start=\"3044\" data-end=\"3079\">doar at\u00e2t timp c\u00e2t este necesar<\/strong> pentru \u00eendeplinirea scopurilor men\u021bionate mai sus sau conform cerin\u021belor legale aplicabile.<\/p><hr data-start=\"3173\" data-end=\"3176\" \/><h3 data-section-id=\"io9lnm\" data-start=\"3178\" data-end=\"3216\">8. Modific\u0103ri ale acestei politici<\/h3><p data-start=\"3217\" data-end=\"3426\" data-is-last-node=\"\" data-is-only-node=\"\">Ne rezerv\u0103m dreptul de a actualiza aceast\u0103 <strong data-start=\"3260\" data-end=\"3293\">Politic\u0103 de Confiden\u021bialitate<\/strong>. Orice modificare va fi publicat\u0103 pe website-ul nostru oficial, iar dac\u0103 schimb\u0103rile sunt semnificative, v\u0103 vom notifica prin email.<\/p><\/div><\/div><\/div><\/div><div class=\"z-0 flex min-h-[46px] justify-start\">\u00a0<\/div><div class=\"mt-3 w-full empty:hidden\"><div class=\"text-center\">\u00a0<\/div><\/div><\/div><\/div><\/article><\/div><div class=\"pointer-events-none h-px w-px absolute bottom-0\" aria-hidden=\"true\" data-edge=\"true\">\u00a0<\/div>\t\t\t\t\t\t\t\t<\/div>\n\t\t\t\t<\/div>\n\t\t\t\t\t<\/div>\n\t\t\t\t<\/div>\n\t\t\t\t<\/div>","protected":false},"excerpt":{"rendered":"<p>Politica de confiden\u021bialitate Aceast\u0103 Politic\u0103 de Confiden\u021bialitate descrie modul \u00een care colect\u0103m, utiliz\u0103m \u0219i protej\u0103m datele dumneavoastr\u0103 personale atunci c\u00e2nd participa\u021bi la evenimentul nostru organizat la CREIC \u2013 Cluj-Napoca, care include o expozi\u021bie profesional\u0103 \u0219i o competi\u021bie \u00een industria nail. 1. Colectarea datelor Colect\u0103m date personale \u00een urm\u0103toarele situa\u021bii: C\u00e2nd v\u0103 \u00eenregistra\u021bi sau cump\u0103ra\u021bi un [&hellip;]<\/p>","protected":false},"author":1,"featured_media":0,"parent":0,"menu_order":0,"comment_status":"closed","ping_status":"closed","template":"elementor_header_footer","meta":{"inline_featured_image":false,"footnotes":""},"class_list":["post-399","page","type-page","status-publish","hentry"],"_links":{"self":[{"href":"https:\/\/nexaexpo.eu\/ro\/wp-json\/wp\/v2\/pages\/399","targetHints":{"allow":["GET"]}}],"collection":[{"href":"https:\/\/nexaexpo.eu\/ro\/wp-json\/wp\/v2\/pages"}],"about":[{"href":"https:\/\/nexaexpo.eu\/ro\/wp-json\/wp\/v2\/types\/page"}],"author":[{"embeddable":true,"href":"https:\/\/nexaexpo.eu\/ro\/wp-json\/wp\/v2\/users\/1"}],"replies":[{"embeddable":true,"href":"https:\/\/nexaexpo.eu\/ro\/wp-json\/wp\/v2\/comments?post=399"}],"version-history":[{"count":0,"href":"https:\/\/nexaexpo.eu\/ro\/wp-json\/wp\/v2\/pages\/399\/revisions"}],"wp:attachment":[{"href":"https:\/\/nexaexpo.eu\/ro\/wp-json\/wp\/v2\/media?parent=399"}],"curies":[{"name":"wp","href":"https:\/\/api.w.org\/{rel}","templated":true}]}}