{"id":861,"date":"2026-03-14T12:05:25","date_gmt":"2026-03-14T12:05:25","guid":{"rendered":"https:\/\/nexaexpo.eu\/?page_id=861"},"modified":"2026-03-14T20:40:40","modified_gmt":"2026-03-14T20:40:40","slug":"expozitie","status":"publish","type":"page","link":"https:\/\/nexaexpo.eu\/ro\/expozitie\/","title":{"rendered":"Expozi\u021bie"},"content":{"rendered":"<div data-elementor-type=\"wp-page\" data-elementor-id=\"861\" class=\"elementor elementor-861\" data-elementor-post-type=\"page\">\n\t\t\t\t<div class=\"elementor-element elementor-element-d2a3a7e competition e-flex e-con-boxed e-con e-parent\" data-id=\"d2a3a7e\" data-element_type=\"container\">\n\t\t\t\t\t<div class=\"e-con-inner\">\n\t\t\t\t<div class=\"elementor-element elementor-element-1fee404 elementor-widget elementor-widget-heading\" data-id=\"1fee404\" data-element_type=\"widget\" data-widget_type=\"heading.default\">\n\t\t\t\t<div class=\"elementor-widget-container\">\n\t\t\t\t\t<h2 class=\"elementor-heading-title elementor-size-default\">Expozi\u021bie<\/h2>\t\t\t\t<\/div>\n\t\t\t\t<\/div>\n\t\t\t\t<div class=\"elementor-element elementor-element-643e75d elementor-widget elementor-widget-text-editor\" data-id=\"643e75d\" data-element_type=\"widget\" data-widget_type=\"text-editor.default\">\n\t\t\t\t<div class=\"elementor-widget-container\">\n\t\t\t\t\t\t\t\t\t<p>Industria beauty din Rom\u00e2nia a avut nevoie de un spa\u021biu unde educa\u021bia, business-ul \u0219i creativitatea s\u0103 se \u00eent\u00e2lneasc\u0103. \u00cen 2025, acest spa\u021biu a devenit realitate: NEXA &#8211; Nail Expert Arena.<\/p>\t\t\t\t\t\t\t\t<\/div>\n\t\t\t\t<\/div>\n\t\t\t\t<div class=\"elementor-element elementor-element-45da3ac elementor-widget elementor-widget-text-editor\" data-id=\"45da3ac\" data-element_type=\"widget\" data-widget_type=\"text-editor.default\">\n\t\t\t\t<div class=\"elementor-widget-container\">\n\t\t\t\t\t\t\t\t\t<p>Dar NEXA 2025 nu a fost doar un eveniment. A fost un punct de \u00eent\u00e2lnire pentru o comunitate \u00een continu\u0103 cre\u0219tere<\/p>\t\t\t\t\t\t\t\t<\/div>\n\t\t\t\t<\/div>\n\t\t\t\t\t<\/div>\n\t\t\t\t<\/div>\n\t\t<div class=\"elementor-element elementor-element-c77f627 e-flex e-con-boxed e-con e-parent\" data-id=\"c77f627\" data-element_type=\"container\">\n\t\t\t\t\t<div class=\"e-con-inner\">\n\t\t<div class=\"elementor-element elementor-element-3eaab64 e-con-full e-flex e-con e-child\" data-id=\"3eaab64\" data-element_type=\"container\">\n\t\t<div class=\"elementor-element elementor-element-e7ad051 e-con-full e-flex e-con e-child\" data-id=\"e7ad051\" data-element_type=\"container\" data-settings=\"{&quot;background_background&quot;:&quot;classic&quot;}\">\n\t\t\t\t<div class=\"elementor-element elementor-element-cb115a5 elementor-widget elementor-widget-icon-box\" data-id=\"cb115a5\" data-element_type=\"widget\" data-widget_type=\"icon-box.default\">\n\t\t\t\t<div class=\"elementor-widget-container\">\n\t\t\t\t\t\t\t<div class=\"elementor-icon-box-wrapper\">\n\n\t\t\t\n\t\t\t\t\t\t<div class=\"elementor-icon-box-content\">\n\n\t\t\t\t\t\t\t\t\t<h3 class=\"elementor-icon-box-title\">\n\t\t\t\t\t\t<span  >\n\t\t\t\t\t\t\tZona expozi\u021bional\u0103\t\t\t\t\t\t<\/span>\n\t\t\t\t\t<\/h3>\n\t\t\t\t\n\t\t\t\t\n\t\t\t<\/div>\n\t\t\t\n\t\t<\/div>\n\t\t\t\t\t\t<\/div>\n\t\t\t\t<\/div>\n\t\t\t\t<div class=\"elementor-element elementor-element-e3e3240 elementor-widget elementor-widget-text-editor\" data-id=\"e3e3240\" data-element_type=\"widget\" data-widget_type=\"text-editor.default\">\n\t\t\t\t<div class=\"elementor-widget-container\">\n\t\t\t\t\t\t\t\t\t<p>Este una dintre cele mai active p\u0103r\u021bi ale evenimentului. Brandurile vin pentru ca participan\u021bii\u00a0 s\u0103 poat\u0103: testa produse profesionale, descoperi branduri noi, participa la demonstra\u021bii live, c\u00e2\u0219tiga premii \u0219i cadouri. Po\u021bi pune m\u00e2na, nu doar vizualiza printr-un ecran.<\/p>\t\t\t\t\t\t\t\t<\/div>\n\t\t\t\t<\/div>\n\t\t\t\t<\/div>\n\t\t\t\t<\/div>\n\t\t<div class=\"elementor-element elementor-element-b9893f5 e-con-full e-flex e-con e-child\" data-id=\"b9893f5\" data-element_type=\"container\">\n\t\t\t\t<div class=\"elementor-element elementor-element-7928ee6 elementor-widget elementor-widget-image\" data-id=\"7928ee6\" data-element_type=\"widget\" data-widget_type=\"image.default\">\n\t\t\t\t<div class=\"elementor-widget-container\">\n\t\t\t\t\t\t\t\t\t\t\t\t\t\t\t<img fetchpriority=\"high\" decoding=\"async\" width=\"800\" height=\"534\" src=\"https:\/\/nexaexpo.eu\/wp-content\/uploads\/2026\/03\/RF_11-01_09h2733_0025_resized-1024x683.jpg\" class=\"attachment-large size-large wp-image-866\" alt=\"\" srcset=\"https:\/\/nexaexpo.eu\/wp-content\/uploads\/2026\/03\/RF_11-01_09h2733_0025_resized-1024x683.jpg 1024w, https:\/\/nexaexpo.eu\/wp-content\/uploads\/2026\/03\/RF_11-01_09h2733_0025_resized-300x200.jpg 300w, https:\/\/nexaexpo.eu\/wp-content\/uploads\/2026\/03\/RF_11-01_09h2733_0025_resized-768x512.jpg 768w, https:\/\/nexaexpo.eu\/wp-content\/uploads\/2026\/03\/RF_11-01_09h2733_0025_resized-1536x1024.jpg 1536w, https:\/\/nexaexpo.eu\/wp-content\/uploads\/2026\/03\/RF_11-01_09h2733_0025_resized-2048x1366.jpg 2048w, https:\/\/nexaexpo.eu\/wp-content\/uploads\/2026\/03\/RF_11-01_09h2733_0025_resized-18x12.jpg 18w, https:\/\/nexaexpo.eu\/wp-content\/uploads\/2026\/03\/RF_11-01_09h2733_0025_resized-600x400.jpg 600w\" sizes=\"(max-width: 800px) 100vw, 800px\" \/>\t\t\t\t\t\t\t\t\t\t\t\t\t\t\t<\/div>\n\t\t\t\t<\/div>\n\t\t\t\t<\/div>\n\t\t\t\t\t<\/div>\n\t\t\t\t<\/div>\n\t\t<div class=\"elementor-element elementor-element-2f6b992 e-flex e-con-boxed e-con e-parent\" data-id=\"2f6b992\" data-element_type=\"container\">\n\t\t\t\t\t<div class=\"e-con-inner\">\n\t\t<div class=\"elementor-element elementor-element-8f15f2b e-con-full e-flex e-con e-child\" data-id=\"8f15f2b\" data-element_type=\"container\">\n\t\t\t\t<div class=\"elementor-element elementor-element-8dfa33a elementor-widget elementor-widget-image\" data-id=\"8dfa33a\" data-element_type=\"widget\" data-widget_type=\"image.default\">\n\t\t\t\t<div class=\"elementor-widget-container\">\n\t\t\t\t\t\t\t\t\t\t\t\t\t\t\t<img decoding=\"async\" width=\"800\" height=\"532\" src=\"https:\/\/nexaexpo.eu\/wp-content\/uploads\/2026\/03\/NEXA-Day-1-ERIK-310-of-561-1024x681.jpg\" class=\"attachment-large size-large wp-image-868\" alt=\"\" srcset=\"https:\/\/nexaexpo.eu\/wp-content\/uploads\/2026\/03\/NEXA-Day-1-ERIK-310-of-561-1024x681.jpg 1024w, https:\/\/nexaexpo.eu\/wp-content\/uploads\/2026\/03\/NEXA-Day-1-ERIK-310-of-561-300x200.jpg 300w, https:\/\/nexaexpo.eu\/wp-content\/uploads\/2026\/03\/NEXA-Day-1-ERIK-310-of-561-768x511.jpg 768w, https:\/\/nexaexpo.eu\/wp-content\/uploads\/2026\/03\/NEXA-Day-1-ERIK-310-of-561-1536x1022.jpg 1536w, https:\/\/nexaexpo.eu\/wp-content\/uploads\/2026\/03\/NEXA-Day-1-ERIK-310-of-561-2048x1363.jpg 2048w, https:\/\/nexaexpo.eu\/wp-content\/uploads\/2026\/03\/NEXA-Day-1-ERIK-310-of-561-18x12.jpg 18w, https:\/\/nexaexpo.eu\/wp-content\/uploads\/2026\/03\/NEXA-Day-1-ERIK-310-of-561-600x399.jpg 600w\" sizes=\"(max-width: 800px) 100vw, 800px\" \/>\t\t\t\t\t\t\t\t\t\t\t\t\t\t\t<\/div>\n\t\t\t\t<\/div>\n\t\t\t\t<\/div>\n\t\t<div class=\"elementor-element elementor-element-ba68183 e-con-full e-flex e-con e-child\" data-id=\"ba68183\" data-element_type=\"container\">\n\t\t<div class=\"elementor-element elementor-element-cb4d927 e-con-full e-flex e-con e-child\" data-id=\"cb4d927\" data-element_type=\"container\" data-settings=\"{&quot;background_background&quot;:&quot;classic&quot;}\">\n\t\t\t\t<div class=\"elementor-element elementor-element-96ddffa elementor-widget elementor-widget-icon-box\" data-id=\"96ddffa\" data-element_type=\"widget\" data-widget_type=\"icon-box.default\">\n\t\t\t\t<div class=\"elementor-widget-container\">\n\t\t\t\t\t\t\t<div class=\"elementor-icon-box-wrapper\">\n\n\t\t\t\n\t\t\t\t\t\t<div class=\"elementor-icon-box-content\">\n\n\t\t\t\t\t\t\t\t\t<h3 class=\"elementor-icon-box-title\">\n\t\t\t\t\t\t<span  >\n\t\t\t\t\t\t\tScena NEXA \t\t\t\t\t\t<\/span>\n\t\t\t\t\t<\/h3>\n\t\t\t\t\n\t\t\t\t\n\t\t\t<\/div>\n\t\t\t\n\t\t<\/div>\n\t\t\t\t\t\t<\/div>\n\t\t\t\t<\/div>\n\t\t\t\t<div class=\"elementor-element elementor-element-c643f60 elementor-widget elementor-widget-text-editor\" data-id=\"c643f60\" data-element_type=\"widget\" data-widget_type=\"text-editor.default\">\n\t\t\t\t<div class=\"elementor-widget-container\">\n\t\t\t\t\t\t\t\t\t<p>G\u0103zduie\u0219te speciali\u0219ti care \u00eemp\u0103rt\u0103\u0219esct: tehnici noi, tendin\u021be din industrie, strategii de business pentru saloane, experien\u021be reale din parcursul lor profesional dar \u0219i multe alte informa\u021bii valoroase pe care poate \u00een mod normal nu le-ai ob\u021bine la un simplu curs.<\/p>\t\t\t\t\t\t\t\t<\/div>\n\t\t\t\t<\/div>\n\t\t\t\t<\/div>\n\t\t\t\t<\/div>\n\t\t\t\t\t<\/div>\n\t\t\t\t<\/div>\n\t\t<div class=\"elementor-element elementor-element-a689ebe e-flex e-con-boxed e-con e-parent\" data-id=\"a689ebe\" data-element_type=\"container\">\n\t\t\t\t\t<div class=\"e-con-inner\">\n\t\t<div class=\"elementor-element elementor-element-6bfed78 e-con-full e-flex e-con e-child\" data-id=\"6bfed78\" data-element_type=\"container\">\n\t\t<div class=\"elementor-element elementor-element-d468fa2 e-con-full e-flex e-con e-child\" data-id=\"d468fa2\" data-element_type=\"container\" data-settings=\"{&quot;background_background&quot;:&quot;classic&quot;}\">\n\t\t\t\t<div class=\"elementor-element elementor-element-dd56f96 elementor-widget elementor-widget-icon-box\" data-id=\"dd56f96\" data-element_type=\"widget\" data-widget_type=\"icon-box.default\">\n\t\t\t\t<div class=\"elementor-widget-container\">\n\t\t\t\t\t\t\t<div class=\"elementor-icon-box-wrapper\">\n\n\t\t\t\n\t\t\t\t\t\t<div class=\"elementor-icon-box-content\">\n\n\t\t\t\t\t\t\t\t\t<h3 class=\"elementor-icon-box-title\">\n\t\t\t\t\t\t<span  >\n\t\t\t\t\t\t\tConexiuni Reale\t\t\t\t\t\t<\/span>\n\t\t\t\t\t<\/h3>\n\t\t\t\t\n\t\t\t\t\n\t\t\t<\/div>\n\t\t\t\n\t\t<\/div>\n\t\t\t\t\t\t<\/div>\n\t\t\t\t<\/div>\n\t\t\t\t<div class=\"elementor-element elementor-element-861b32f elementor-widget elementor-widget-text-editor\" data-id=\"861b32f\" data-element_type=\"widget\" data-widget_type=\"text-editor.default\">\n\t\t\t\t<div class=\"elementor-widget-container\">\n\t\t\t\t\t\t\t\t\t<p>Unul dintre cele mai valoroase lucruri create la NEXA a fost networkingul real. La mesele de cafea, \u00een zona standurilor sau dup\u0103 prezent\u0103ri, s-au legat colabor\u0103ri, prietenii \u0219i viitoare proiecte. Trebuie doar s\u0103-\u021bi dore\u0219ti s\u0103 le descoperi.<\/p>\t\t\t\t\t\t\t\t<\/div>\n\t\t\t\t<\/div>\n\t\t\t\t<\/div>\n\t\t\t\t<\/div>\n\t\t<div class=\"elementor-element elementor-element-4d5818c e-con-full e-flex e-con e-child\" data-id=\"4d5818c\" data-element_type=\"container\">\n\t\t\t\t<div class=\"elementor-element elementor-element-81ec4b7 elementor-widget elementor-widget-image\" data-id=\"81ec4b7\" data-element_type=\"widget\" data-widget_type=\"image.default\">\n\t\t\t\t<div class=\"elementor-widget-container\">\n\t\t\t\t\t\t\t\t\t\t\t\t\t\t\t<img decoding=\"async\" width=\"800\" height=\"534\" src=\"https:\/\/nexaexpo.eu\/wp-content\/uploads\/2026\/03\/RF_11-01_20h0319_0853_resized-1024x683.jpg\" class=\"attachment-large size-large wp-image-869\" alt=\"\" srcset=\"https:\/\/nexaexpo.eu\/wp-content\/uploads\/2026\/03\/RF_11-01_20h0319_0853_resized-1024x683.jpg 1024w, https:\/\/nexaexpo.eu\/wp-content\/uploads\/2026\/03\/RF_11-01_20h0319_0853_resized-300x200.jpg 300w, https:\/\/nexaexpo.eu\/wp-content\/uploads\/2026\/03\/RF_11-01_20h0319_0853_resized-768x512.jpg 768w, https:\/\/nexaexpo.eu\/wp-content\/uploads\/2026\/03\/RF_11-01_20h0319_0853_resized-1536x1024.jpg 1536w, https:\/\/nexaexpo.eu\/wp-content\/uploads\/2026\/03\/RF_11-01_20h0319_0853_resized-2048x1366.jpg 2048w, https:\/\/nexaexpo.eu\/wp-content\/uploads\/2026\/03\/RF_11-01_20h0319_0853_resized-18x12.jpg 18w, https:\/\/nexaexpo.eu\/wp-content\/uploads\/2026\/03\/RF_11-01_20h0319_0853_resized-600x400.jpg 600w\" sizes=\"(max-width: 800px) 100vw, 800px\" \/>\t\t\t\t\t\t\t\t\t\t\t\t\t\t\t<\/div>\n\t\t\t\t<\/div>\n\t\t\t\t<\/div>\n\t\t\t\t\t<\/div>\n\t\t\t\t<\/div>\n\t\t<div class=\"elementor-element elementor-element-829cdd3 e-flex e-con-boxed e-con e-parent\" data-id=\"829cdd3\" data-element_type=\"container\" data-settings=\"{&quot;shape_divider_bottom&quot;:&quot;tilt&quot;}\">\n\t\t\t\t\t<div class=\"e-con-inner\">\n\t\t\t\t<div class=\"elementor-shape elementor-shape-bottom\" data-negative=\"false\">\n\t\t\t<svg xmlns=\"http:\/\/www.w3.org\/2000\/svg\" viewbox=\"0 0 1000 100\" preserveaspectratio=\"none\">\n\t<path class=\"elementor-shape-fill\" d=\"M0,6V0h1000v100L0,6z\"\/>\n<\/svg>\t\t<\/div>\n\t\t\t\t<div class=\"elementor-element elementor-element-fc11110 elementor-widget elementor-widget-spacer\" data-id=\"fc11110\" data-element_type=\"widget\" data-widget_type=\"spacer.default\">\n\t\t\t\t<div class=\"elementor-widget-container\">\n\t\t\t\t\t\t\t<div class=\"elementor-spacer\">\n\t\t\t<div class=\"elementor-spacer-inner\"><\/div>\n\t\t<\/div>\n\t\t\t\t\t\t<\/div>\n\t\t\t\t<\/div>\n\t\t\t\t\t<\/div>\n\t\t\t\t<\/div>\n\t\t<div class=\"elementor-element elementor-element-3da5e1a e-flex e-con-boxed e-con e-parent\" data-id=\"3da5e1a\" data-element_type=\"container\" data-settings=\"{&quot;background_background&quot;:&quot;classic&quot;}\">\n\t\t\t\t\t<div class=\"e-con-inner\">\n\t\t\t\t<div class=\"elementor-element elementor-element-122cec5 elementor-widget elementor-widget-heading\" data-id=\"122cec5\" data-element_type=\"widget\" data-widget_type=\"heading.default\">\n\t\t\t\t<div class=\"elementor-widget-container\">\n\t\t\t\t\t<h2 class=\"elementor-heading-title elementor-size-default\">Ce oferim brandurilor?<\/h2>\t\t\t\t<\/div>\n\t\t\t\t<\/div>\n\t\t\t\t\t<\/div>\n\t\t\t\t<\/div>\n\t\t<div class=\"elementor-element elementor-element-0cbbac9 nexa-cards-wrap e-flex e-con-boxed e-con e-parent\" data-id=\"0cbbac9\" data-element_type=\"container\" data-settings=\"{&quot;background_background&quot;:&quot;classic&quot;}\">\n\t\t\t\t\t<div class=\"e-con-inner\">\n\t\t<div class=\"elementor-element elementor-element-5ef907f e-con-full nexa-card e-transform e-flex e-con e-child\" data-id=\"5ef907f\" data-element_type=\"container\" data-settings=\"{&quot;background_background&quot;:&quot;classic&quot;,&quot;_transform_translateX_effect_hover&quot;:{&quot;unit&quot;:&quot;px&quot;,&quot;size&quot;:0,&quot;sizes&quot;:[]},&quot;_transform_translateY_effect_hover&quot;:{&quot;unit&quot;:&quot;px&quot;,&quot;size&quot;:-15,&quot;sizes&quot;:[]},&quot;_transform_translateX_effect_hover_tablet&quot;:{&quot;unit&quot;:&quot;px&quot;,&quot;size&quot;:&quot;&quot;,&quot;sizes&quot;:[]},&quot;_transform_translateX_effect_hover_mobile&quot;:{&quot;unit&quot;:&quot;px&quot;,&quot;size&quot;:&quot;&quot;,&quot;sizes&quot;:[]},&quot;_transform_translateY_effect_hover_tablet&quot;:{&quot;unit&quot;:&quot;px&quot;,&quot;size&quot;:&quot;&quot;,&quot;sizes&quot;:[]},&quot;_transform_translateY_effect_hover_mobile&quot;:{&quot;unit&quot;:&quot;px&quot;,&quot;size&quot;:&quot;&quot;,&quot;sizes&quot;:[]}}\">\n\t\t\t\t<div class=\"elementor-element elementor-element-a1794bf elementor-widget elementor-widget-text-editor\" data-id=\"a1794bf\" data-element_type=\"widget\" data-widget_type=\"text-editor.default\">\n\t\t\t\t<div class=\"elementor-widget-container\">\n\t\t\t\t\t\t\t\t\t<h4><strong>Contact direct cu publicul \u021binta<\/strong><\/h4>\t\t\t\t\t\t\t\t<\/div>\n\t\t\t\t<\/div>\n\t\t\t\t<div class=\"elementor-element elementor-element-de61773 elementor-widget elementor-widget-text-editor\" data-id=\"de61773\" data-element_type=\"widget\" data-widget_type=\"text-editor.default\">\n\t\t\t\t<div class=\"elementor-widget-container\">\n\t\t\t\t\t\t\t\t\t<p>Prima edi\u021bie NEXA a atras aproximativ 1.000 de vizite, iar pentru urm\u0103toarea estim\u0103m dublarea acestui num\u0103r. Vizitatorii NEXA sunt mai valoro\u0219i dec\u00e2t lead-urile din social media, deoarece interac\u021biunea este direct\u0103, iar reprezentan\u021bii t\u0103i sunt \u00een controlul conversa\u021biei. Ca brand, po\u021bi prezenta produsul, \u00eel po\u021bi l\u0103sa s\u0103 fie testat \u0219i po\u021bi controla conversa\u021bia. Acest tip de contact cre\u0219te \u0219ansele de conversie \u0219i faciliteaz\u0103 formarea unor parteneriate pe termen lung.<\/p>\t\t\t\t\t\t\t\t<\/div>\n\t\t\t\t<\/div>\n\t\t\t\t<\/div>\n\t\t<div class=\"elementor-element elementor-element-e8b1dc2 e-con-full nexa-card e-transform e-flex e-con e-child\" data-id=\"e8b1dc2\" data-element_type=\"container\" data-settings=\"{&quot;background_background&quot;:&quot;classic&quot;,&quot;_transform_translateX_effect_hover&quot;:{&quot;unit&quot;:&quot;px&quot;,&quot;size&quot;:0,&quot;sizes&quot;:[]},&quot;_transform_translateY_effect_hover&quot;:{&quot;unit&quot;:&quot;px&quot;,&quot;size&quot;:-15,&quot;sizes&quot;:[]},&quot;_transform_translateX_effect_hover_tablet&quot;:{&quot;unit&quot;:&quot;px&quot;,&quot;size&quot;:&quot;&quot;,&quot;sizes&quot;:[]},&quot;_transform_translateX_effect_hover_mobile&quot;:{&quot;unit&quot;:&quot;px&quot;,&quot;size&quot;:&quot;&quot;,&quot;sizes&quot;:[]},&quot;_transform_translateY_effect_hover_tablet&quot;:{&quot;unit&quot;:&quot;px&quot;,&quot;size&quot;:&quot;&quot;,&quot;sizes&quot;:[]},&quot;_transform_translateY_effect_hover_mobile&quot;:{&quot;unit&quot;:&quot;px&quot;,&quot;size&quot;:&quot;&quot;,&quot;sizes&quot;:[]}}\">\n\t\t\t\t<div class=\"elementor-element elementor-element-735398e elementor-widget elementor-widget-text-editor\" data-id=\"735398e\" data-element_type=\"widget\" data-widget_type=\"text-editor.default\">\n\t\t\t\t<div class=\"elementor-widget-container\">\n\t\t\t\t\t\t\t\t\t<h4><strong>Costuri accesibile<\/strong><\/h4>\t\t\t\t\t\t\t\t<\/div>\n\t\t\t\t<\/div>\n\t\t\t\t<div class=\"elementor-element elementor-element-1fdf68e elementor-widget elementor-widget-text-editor\" data-id=\"1fdf68e\" data-element_type=\"widget\" data-widget_type=\"text-editor.default\">\n\t\t\t\t<div class=\"elementor-widget-container\">\n\t\t\t\t\t\t\t\t\t<p>La NEXA \u0219tim c\u0103 evenimentele au nevoie de branduri, nu invers. Costurile sunt g\u00e2ndite s\u0103 reflecte valoarea real\u0103 pe care o primi\u021bi, f\u0103r\u0103 \u00eenflorituri, iar prin participare contribuim \u00eempreun\u0103 la construirea unei re\u021bele de parteneri care s\u0103 dezvolte industria de beauty din Rom\u00e2nia. Partenerii anteriori au oferit un feedback foarte bun legat de participarea lor la expozi\u021bia NEXA<\/p>\t\t\t\t\t\t\t\t<\/div>\n\t\t\t\t<\/div>\n\t\t\t\t<\/div>\n\t\t<div class=\"elementor-element elementor-element-723c667 e-con-full nexa-card e-transform e-flex e-con e-child\" data-id=\"723c667\" data-element_type=\"container\" data-settings=\"{&quot;background_background&quot;:&quot;classic&quot;,&quot;_transform_translateX_effect_hover&quot;:{&quot;unit&quot;:&quot;px&quot;,&quot;size&quot;:0,&quot;sizes&quot;:[]},&quot;_transform_translateY_effect_hover&quot;:{&quot;unit&quot;:&quot;px&quot;,&quot;size&quot;:-15,&quot;sizes&quot;:[]},&quot;_transform_translateX_effect_hover_tablet&quot;:{&quot;unit&quot;:&quot;px&quot;,&quot;size&quot;:&quot;&quot;,&quot;sizes&quot;:[]},&quot;_transform_translateX_effect_hover_mobile&quot;:{&quot;unit&quot;:&quot;px&quot;,&quot;size&quot;:&quot;&quot;,&quot;sizes&quot;:[]},&quot;_transform_translateY_effect_hover_tablet&quot;:{&quot;unit&quot;:&quot;px&quot;,&quot;size&quot;:&quot;&quot;,&quot;sizes&quot;:[]},&quot;_transform_translateY_effect_hover_mobile&quot;:{&quot;unit&quot;:&quot;px&quot;,&quot;size&quot;:&quot;&quot;,&quot;sizes&quot;:[]}}\">\n\t\t\t\t<div class=\"elementor-element elementor-element-ad4f94c elementor-widget elementor-widget-text-editor\" data-id=\"ad4f94c\" data-element_type=\"widget\" data-widget_type=\"text-editor.default\">\n\t\t\t\t<div class=\"elementor-widget-container\">\n\t\t\t\t\t\t\t\t\t<h4><strong>De la eveniment la ecosistem<\/strong><\/h4>\t\t\t\t\t\t\t\t<\/div>\n\t\t\t\t<\/div>\n\t\t\t\t<div class=\"elementor-element elementor-element-bc8fcb0 elementor-widget elementor-widget-text-editor\" data-id=\"bc8fcb0\" data-element_type=\"widget\" data-widget_type=\"text-editor.default\">\n\t\t\t\t<div class=\"elementor-widget-container\">\n\t\t\t\t\t\t\t\t\t<p>\u0218tim c\u00e2t de mult\u0103 logistic\u0103 presupune participarea la o expozi\u021bie: transportul produselor, organizarea stocului \u0219i construc\u021bia standului.De aceea, echipa NEXA este preg\u0103tit\u0103 s\u0103 v\u0103 sprijine cu informa\u021bii \u0219i s\u0103 v\u0103 pun\u0103 \u00een leg\u0103tur\u0103 cu furnizori locali care v\u0103 pot ajuta s\u0103 v\u0103 construi\u021bi standul \u00een cele mai bune condi\u021bii.<\/p>\t\t\t\t\t\t\t\t<\/div>\n\t\t\t\t<\/div>\n\t\t\t\t<\/div>\n\t\t\t\t<div class=\"elementor-element elementor-element-0b722db elementor-absolute e-transform elementor-hidden-tablet elementor-hidden-mobile elementor-invisible elementor-widget elementor-widget-image\" data-id=\"0b722db\" data-element_type=\"widget\" data-settings=\"{&quot;_position&quot;:&quot;absolute&quot;,&quot;_transform_scale_effect&quot;:{&quot;unit&quot;:&quot;px&quot;,&quot;size&quot;:1.9,&quot;sizes&quot;:[]},&quot;motion_fx_motion_fx_mouse&quot;:&quot;yes&quot;,&quot;motion_fx_mouseTrack_effect&quot;:&quot;yes&quot;,&quot;motion_fx_mouseTrack_direction&quot;:&quot;negative&quot;,&quot;motion_fx_mouseTrack_speed&quot;:{&quot;unit&quot;:&quot;px&quot;,&quot;size&quot;:6.5,&quot;sizes&quot;:[]},&quot;_animation&quot;:&quot;rotateInDownRight&quot;,&quot;_transform_scale_effect_tablet&quot;:{&quot;unit&quot;:&quot;px&quot;,&quot;size&quot;:&quot;&quot;,&quot;sizes&quot;:[]},&quot;_transform_scale_effect_mobile&quot;:{&quot;unit&quot;:&quot;px&quot;,&quot;size&quot;:&quot;&quot;,&quot;sizes&quot;:[]}}\" data-widget_type=\"image.default\">\n\t\t\t\t<div class=\"elementor-widget-container\">\n\t\t\t\t\t\t\t\t\t\t\t\t\t\t\t<img loading=\"lazy\" decoding=\"async\" width=\"775\" height=\"773\" src=\"https:\/\/nexaexpo.eu\/wp-content\/uploads\/2025\/03\/circle2.png\" class=\"attachment-large size-large wp-image-102\" alt=\"\" srcset=\"https:\/\/nexaexpo.eu\/wp-content\/uploads\/2025\/03\/circle2.png 775w, https:\/\/nexaexpo.eu\/wp-content\/uploads\/2025\/03\/circle2-300x300.png 300w, https:\/\/nexaexpo.eu\/wp-content\/uploads\/2025\/03\/circle2-100x100.png 100w, https:\/\/nexaexpo.eu\/wp-content\/uploads\/2025\/03\/circle2-600x598.png 600w, https:\/\/nexaexpo.eu\/wp-content\/uploads\/2025\/03\/circle2-150x150.png 150w, https:\/\/nexaexpo.eu\/wp-content\/uploads\/2025\/03\/circle2-768x766.png 768w\" sizes=\"(max-width: 775px) 100vw, 775px\" \/>\t\t\t\t\t\t\t\t\t\t\t\t\t\t\t<\/div>\n\t\t\t\t<\/div>\n\t\t\t\t\t<\/div>\n\t\t\t\t<\/div>\n\t\t<div class=\"elementor-element elementor-element-5af0755 e-flex e-con-boxed e-con e-parent\" data-id=\"5af0755\" data-element_type=\"container\" data-settings=\"{&quot;background_background&quot;:&quot;classic&quot;}\">\n\t\t\t\t\t<div class=\"e-con-inner\">\n\t\t\t\t<div class=\"elementor-element elementor-element-4a3d011 elementor-widget elementor-widget-heading\" data-id=\"4a3d011\" data-element_type=\"widget\" data-widget_type=\"heading.default\">\n\t\t\t\t<div class=\"elementor-widget-container\">\n\t\t\t\t\t<h2 class=\"elementor-heading-title elementor-size-default\">Scopul este construirea unui punct central de \u00eent\u00e2lnire pentru industrie.<\/h2>\t\t\t\t<\/div>\n\t\t\t\t<\/div>\n\t\t\t\t\t<\/div>\n\t\t\t\t<\/div>\n\t\t\t\t<\/div>","protected":false},"excerpt":{"rendered":"<p>Expozi\u021bie Industria beauty din Rom\u00e2nia a avut nevoie de un spa\u021biu unde educa\u021bia, business-ul \u0219i creativitatea s\u0103 se \u00eent\u00e2lneasc\u0103. \u00cen 2025, acest spa\u021biu a devenit realitate: NEXA &#8211; Nail Expert Arena. Dar NEXA 2025 nu a fost doar un eveniment. A fost un punct de \u00eent\u00e2lnire pentru o comunitate \u00een continu\u0103 cre\u0219tere Zona expozi\u021bional\u0103 Este [&hellip;]<\/p>","protected":false},"author":1,"featured_media":0,"parent":0,"menu_order":0,"comment_status":"closed","ping_status":"closed","template":"elementor_header_footer","meta":{"inline_featured_image":false,"footnotes":""},"class_list":["post-861","page","type-page","status-publish","hentry"],"_links":{"self":[{"href":"https:\/\/nexaexpo.eu\/ro\/wp-json\/wp\/v2\/pages\/861","targetHints":{"allow":["GET"]}}],"collection":[{"href":"https:\/\/nexaexpo.eu\/ro\/wp-json\/wp\/v2\/pages"}],"about":[{"href":"https:\/\/nexaexpo.eu\/ro\/wp-json\/wp\/v2\/types\/page"}],"author":[{"embeddable":true,"href":"https:\/\/nexaexpo.eu\/ro\/wp-json\/wp\/v2\/users\/1"}],"replies":[{"embeddable":true,"href":"https:\/\/nexaexpo.eu\/ro\/wp-json\/wp\/v2\/comments?post=861"}],"version-history":[{"count":0,"href":"https:\/\/nexaexpo.eu\/ro\/wp-json\/wp\/v2\/pages\/861\/revisions"}],"wp:attachment":[{"href":"https:\/\/nexaexpo.eu\/ro\/wp-json\/wp\/v2\/media?parent=861"}],"curies":[{"name":"wp","href":"https:\/\/api.w.org\/{rel}","templated":true}]}}